{"id":33,"date":"2019-05-13T09:23:19","date_gmt":"2019-05-13T09:23:19","guid":{"rendered":"http:\/\/zeelandauszeit.de\/?page_id=33"},"modified":"2026-03-27T17:57:06","modified_gmt":"2026-03-27T17:57:06","slug":"preise","status":"publish","type":"page","link":"https:\/\/zeelandauszeit.de\/?page_id=33","title":{"rendered":"Preise"},"content":{"rendered":"\n<pre class=\"wp-block-preformatted\"> Preise 2026 - \/Woche<br> 01.01. \u2013 06.01.  560,- Euro<br> 06.01. - 07.03.  480,- Euro <br> 07.03. - 28.03.  500,- Euro <br> 28.03. \u2013 11.04.  630,- Euro<br> 11.04. \u2013 30.04.  560,- Euro<br> 30.04. - 23.05.  600,- Euro <br> 23.05. - 18.07.  700,- Euro <br> 18.07. - 29.08.  840,- Euro<br> 29.08. - 12.09.  700,- Euro <br> 12.09. \u2013 17.10.  600,- Euro<br> 17.10. - 01.11.  630,- Euro <br> 01.11. - 22.11.  480,- Euro <br> 22.12. - 31.12.  560,- Euro <br><br>Kurtaxe 1.75\u20ac pro Person\/ Tag<br><br>Anreise, wenn nicht anders vereinbart, ab 15.00 Uhr, Abreise bis 11.00 Uhr<br>Preise incl. Strom, Gas, Wasser. <br>In der Zeit vom 25.10.25 bis zum 12.04.24 plus 10,00 \u20ac Energiepauschale pro Tag.<br>Bettw\u00e4sche (Gr\u00f6\u00dfe Betten 140x200 bzw. 0,90x200) sowie Hand\/Geschirrt\u00fccher m\u00fcssen mitgebracht werden.<br>Rauchen bitte nur au\u00dferhalb des Hauses.<br>Die Preise gelten f\u00fcr max. vier Personen. F\u00fcr jede weitere Person 10% Aufpreis.<br>Regelmietzeit Samstag bis Samstag, andere Mietzeiten nach Vereinbarung<br><br><br><\/pre>\n\n\n\n<p><\/p>\n","protected":false},"excerpt":{"rendered":"<p>Preise 2026 &#8211; \/Woche 01.01. \u2013 06.01. 560,- Euro 06.01. &#8211; 07.03. 480,- Euro 07.03. &#8211; 28.03. 500,- Euro 28.03. \u2013 11.04. 630,- Euro 11.04. \u2013 30.04. 560,- Euro 30.04. &#8211; 23.05. 600,- Euro 23.05. &#8211; 18.07. 700,- Euro 18.07. &#8211; 29.08. 840,- Euro 29.08. &#8211; 12.09. 700,- Euro 12.09. \u2013 17.10. 600,- Euro 17.10. &hellip; <\/p>\n<p class=\"link-more\"><a href=\"https:\/\/zeelandauszeit.de\/?page_id=33\" class=\"more-link\"><span class=\"screen-reader-text\">\u201ePreise\u201c <\/span>weiterlesen<\/a><\/p>\n","protected":false},"author":1,"featured_media":0,"parent":0,"menu_order":0,"comment_status":"closed","ping_status":"closed","template":"","meta":{"footnotes":""},"class_list":["post-33","page","type-page","status-publish","hentry"],"_links":{"self":[{"href":"https:\/\/zeelandauszeit.de\/index.php?rest_route=\/wp\/v2\/pages\/33","targetHints":{"allow":["GET"]}}],"collection":[{"href":"https:\/\/zeelandauszeit.de\/index.php?rest_route=\/wp\/v2\/pages"}],"about":[{"href":"https:\/\/zeelandauszeit.de\/index.php?rest_route=\/wp\/v2\/types\/page"}],"author":[{"embeddable":true,"href":"https:\/\/zeelandauszeit.de\/index.php?rest_route=\/wp\/v2\/users\/1"}],"replies":[{"embeddable":true,"href":"https:\/\/zeelandauszeit.de\/index.php?rest_route=%2Fwp%2Fv2%2Fcomments&post=33"}],"version-history":[{"count":19,"href":"https:\/\/zeelandauszeit.de\/index.php?rest_route=\/wp\/v2\/pages\/33\/revisions"}],"predecessor-version":[{"id":197,"href":"https:\/\/zeelandauszeit.de\/index.php?rest_route=\/wp\/v2\/pages\/33\/revisions\/197"}],"wp:attachment":[{"href":"https:\/\/zeelandauszeit.de\/index.php?rest_route=%2Fwp%2Fv2%2Fmedia&parent=33"}],"curies":[{"name":"wp","href":"https:\/\/api.w.org\/{rel}","templated":true}]}}