{"id":49,"date":"2019-05-13T14:18:08","date_gmt":"2019-05-13T14:18:08","guid":{"rendered":"http:\/\/zeelandauszeit.de\/?page_id=49"},"modified":"2022-07-04T07:43:56","modified_gmt":"2022-07-04T07:43:56","slug":"ausstattung","status":"publish","type":"page","link":"https:\/\/zeelandauszeit.de\/?page_id=49","title":{"rendered":"Ausstattung"},"content":{"rendered":"\n<pre class=\"wp-block-preformatted\">Ferienhaus f\u00fcr max. sechs Personen\n\nruhige Lage im alten Teil des Ferienparks \n\"De Banjaard\" direkt am Meer in Zeeland\n\nWohnraum mit Sitzgruppe, offene K\u00fcche und Essgruppe. Fernseher und Radio\n\nK\u00fcchenausstattung: \nGasherd mit Backofen, Mikrowellenherd, Sp\u00fclmaschine, K\u00fchlschrank, Kaffee- und Espressomaschine\n\nWaschmaschine und Trockner\n\nzwei Schlafzimmer mit Doppelbett (140x200) \nein Schlafzimmer mit Etagenbetten\n\nBad mit Waschtisch und Dusche. Separate Toilette\n\nTerrasse, teilweise \u00fcberdacht \nmit komplettem Gartenmobiliar und Grillkamin\n\nGer\u00e4teschuppen mit Fahrr\u00e4dern\n\ngro\u00dfer Garten (sehr privat) \nvon B\u00e4umen und Str\u00e4uchern umgeben\n\nAutostellpl\u00e4tze direkt vor dem Haus<\/pre>\n","protected":false},"excerpt":{"rendered":"<p>Ferienhaus f\u00fcr max. sechs Personen ruhige Lage im alten Teil des Ferienparks &#8222;De Banjaard&#8220; direkt am Meer in Zeeland Wohnraum mit Sitzgruppe, offene K\u00fcche und Essgruppe. Fernseher und Radio K\u00fcchenausstattung: Gasherd mit Backofen, Mikrowellenherd, Sp\u00fclmaschine, K\u00fchlschrank, Kaffee- und Espressomaschine Waschmaschine und Trockner zwei Schlafzimmer mit Doppelbett (140&#215;200) ein Schlafzimmer mit Etagenbetten Bad mit Waschtisch und &hellip; <\/p>\n<p class=\"link-more\"><a href=\"https:\/\/zeelandauszeit.de\/?page_id=49\" class=\"more-link\"><span class=\"screen-reader-text\">\u201eAusstattung\u201c <\/span>weiterlesen<\/a><\/p>\n","protected":false},"author":1,"featured_media":0,"parent":0,"menu_order":0,"comment_status":"closed","ping_status":"closed","template":"","meta":{"footnotes":""},"class_list":["post-49","page","type-page","status-publish","hentry"],"_links":{"self":[{"href":"https:\/\/zeelandauszeit.de\/index.php?rest_route=\/wp\/v2\/pages\/49","targetHints":{"allow":["GET"]}}],"collection":[{"href":"https:\/\/zeelandauszeit.de\/index.php?rest_route=\/wp\/v2\/pages"}],"about":[{"href":"https:\/\/zeelandauszeit.de\/index.php?rest_route=\/wp\/v2\/types\/page"}],"author":[{"embeddable":true,"href":"https:\/\/zeelandauszeit.de\/index.php?rest_route=\/wp\/v2\/users\/1"}],"replies":[{"embeddable":true,"href":"https:\/\/zeelandauszeit.de\/index.php?rest_route=%2Fwp%2Fv2%2Fcomments&post=49"}],"version-history":[{"count":6,"href":"https:\/\/zeelandauszeit.de\/index.php?rest_route=\/wp\/v2\/pages\/49\/revisions"}],"predecessor-version":[{"id":180,"href":"https:\/\/zeelandauszeit.de\/index.php?rest_route=\/wp\/v2\/pages\/49\/revisions\/180"}],"wp:attachment":[{"href":"https:\/\/zeelandauszeit.de\/index.php?rest_route=%2Fwp%2Fv2%2Fmedia&parent=49"}],"curies":[{"name":"wp","href":"https:\/\/api.w.org\/{rel}","templated":true}]}}